{"id":1374,"date":"2022-12-19T16:46:59","date_gmt":"2022-12-19T16:46:59","guid":{"rendered":"https:\/\/itribut.cyon.site\/ft-ag\/?page_id=1374"},"modified":"2024-02-13T18:38:54","modified_gmt":"2024-02-13T18:38:54","slug":"home","status":"publish","type":"page","link":"https:\/\/itribut.cyon.site\/ft-ag\/","title":{"rendered":"Home"},"content":{"rendered":"\t\t<div data-elementor-type=\"wp-page\" data-elementor-id=\"1374\" class=\"elementor elementor-1374\">\n\t\t\t\t\t\t\t\t\t<section class=\"elementor-section elementor-top-section elementor-element elementor-element-27eabf4 elementor-section-boxed elementor-section-height-default elementor-section-height-default\" data-id=\"27eabf4\" data-element_type=\"section\">\n\t\t\t\t\t\t<div class=\"elementor-container elementor-column-gap-default\">\n\t\t\t\t\t<div class=\"elementor-column elementor-col-100 elementor-top-column elementor-element elementor-element-6ec8b71\" data-id=\"6ec8b71\" data-element_type=\"column\">\n\t\t\t<div class=\"elementor-widget-wrap\">\n\t\t\t\t\t\t\t\t\t<\/div>\n\t\t<\/div>\n\t\t\t\t\t\t\t<\/div>\n\t\t<\/section>\n\t\t\t\t<section class=\"elementor-section elementor-top-section elementor-element elementor-element-6ee5a9e elementor-section-full_width elementor-section-stretched elementor-section-height-default elementor-section-height-default\" data-id=\"6ee5a9e\" data-element_type=\"section\" data-settings=\"{&quot;stretch_section&quot;:&quot;section-stretched&quot;}\">\n\t\t\t\t\t\t<div class=\"elementor-container elementor-column-gap-default\">\n\t\t\t\t\t<div class=\"elementor-column elementor-col-100 elementor-top-column elementor-element elementor-element-bd0c050\" data-id=\"bd0c050\" data-element_type=\"column\">\n\t\t\t<div class=\"elementor-widget-wrap elementor-element-populated\">\n\t\t\t\t\t\t\t\t<div class=\"elementor-element elementor-element-717fb17 elementor-widget elementor-widget-image\" data-id=\"717fb17\" data-element_type=\"widget\" data-widget_type=\"image.default\">\n\t\t\t\t<div class=\"elementor-widget-container\">\n\t\t\t<style>\/*! elementor - v3.6.7 - 03-07-2022 *\/\n.elementor-widget-image{text-align:center}.elementor-widget-image a{display:inline-block}.elementor-widget-image a img[src$=\".svg\"]{width:48px}.elementor-widget-image img{vertical-align:middle;display:inline-block}<\/style>\t\t\t\t\t\t\t\t\t\t\t\t<img decoding=\"async\" src=\"https:\/\/itribut.cyon.site\/ft-ag\/wp-content\/uploads\/elementor\/thumbs\/Startseite-qjrf0sbwmmey2hr4tlntvj6hp9b4w6nfw54gngqzoo.jpg\" title=\"Startseite\" alt=\"Startseite\" \/>\t\t\t\t\t\t\t\t\t\t\t\t\t\t\t<\/div>\n\t\t\t\t<\/div>\n\t\t\t\t<div class=\"elementor-element elementor-element-2e59f8d elementor-align-right elementor-absolute elementor-widget elementor-widget-button\" data-id=\"2e59f8d\" data-element_type=\"widget\" data-settings=\"{&quot;_position&quot;:&quot;absolute&quot;}\" data-widget_type=\"button.default\">\n\t\t\t\t<div class=\"elementor-widget-container\">\n\t\t\t\t\t<div class=\"elementor-button-wrapper\">\n\t\t\t<a href=\"#\" class=\"elementor-button-link elementor-button elementor-size-xl\" role=\"button\">\n\t\t\t\t\t\t<span class=\"elementor-button-content-wrapper\">\n\t\t\t\t\t\t<span class=\"elementor-button-text\">FENSTERBAU<\/span>\n\t\t<\/span>\n\t\t\t\t\t<\/a>\n\t\t<\/div>\n\t\t\t\t<\/div>\n\t\t\t\t<\/div>\n\t\t\t\t<div class=\"elementor-element elementor-element-8d0ba88 elementor-align-left elementor-absolute elementor-widget elementor-widget-button\" data-id=\"8d0ba88\" data-element_type=\"widget\" data-settings=\"{&quot;_position&quot;:&quot;absolute&quot;}\" data-widget_type=\"button.default\">\n\t\t\t\t<div class=\"elementor-widget-container\">\n\t\t\t\t\t<div class=\"elementor-button-wrapper\">\n\t\t\t<a href=\"#\" class=\"elementor-button-link elementor-button elementor-size-xl\" role=\"button\">\n\t\t\t\t\t\t<span class=\"elementor-button-content-wrapper\">\n\t\t\t\t\t\t<span class=\"elementor-button-text\">FENSTERBAU<\/span>\n\t\t<\/span>\n\t\t\t\t\t<\/a>\n\t\t<\/div>\n\t\t\t\t<\/div>\n\t\t\t\t<\/div>\n\t\t\t\t\t<\/div>\n\t\t<\/div>\n\t\t\t\t\t\t\t<\/div>\n\t\t<\/section>\n\t\t\t\t<section class=\"elementor-section elementor-top-section elementor-element elementor-element-ee6f013 elementor-section-boxed elementor-section-height-default elementor-section-height-default\" data-id=\"ee6f013\" data-element_type=\"section\">\n\t\t\t\t\t\t<div class=\"elementor-container elementor-column-gap-default\">\n\t\t\t\t\t<div class=\"elementor-column elementor-col-33 elementor-top-column elementor-element elementor-element-ba9a177\" data-id=\"ba9a177\" data-element_type=\"column\">\n\t\t\t<div class=\"elementor-widget-wrap elementor-element-populated\">\n\t\t\t\t\t\t\t\t<div class=\"elementor-element elementor-element-5de6f5b elementor-widget elementor-widget-ftag_intro_text\" data-id=\"5de6f5b\" data-element_type=\"widget\" data-widget_type=\"ftag_intro_text.default\">\n\t\t\t\t<div class=\"elementor-widget-container\">\n\t\t\t        <div class=\"section-title\">\r\n            <h2 class=\"title-text mb-30\">\r\n                Ihr Partner f\u00fcr<br>Fenster und K\u00fcchen            <\/h2>\r\n            <p class=\"mb-30\">\r\n                <p>Ihr Partner f\u00fcr wirksame Fenster und moderne K\u00fcchen. Bei uns erhalten Sie Beratung, Planung, Eigenherstellung und Montage aus erster Hand. Unsere Fenster und K\u00fcchen sind Swiss Made und werden mit hochmoderner Produktionstechnologie hergestellt.<\/p>            <\/p>\r\n                    <\/div>\r\n        \t\t<\/div>\n\t\t\t\t<\/div>\n\t\t\t\t\t<\/div>\n\t\t<\/div>\n\t\t\t\t<div class=\"elementor-column elementor-col-66 elementor-top-column elementor-element elementor-element-1e7ce89\" data-id=\"1e7ce89\" data-element_type=\"column\">\n\t\t\t<div class=\"elementor-widget-wrap elementor-element-populated\">\n\t\t\t\t\t\t\t\t<div class=\"elementor-element elementor-element-c622dcc elementor-widget elementor-widget-image\" data-id=\"c622dcc\" data-element_type=\"widget\" data-widget_type=\"image.default\">\n\t\t\t\t<div class=\"elementor-widget-container\">\n\t\t\t\t\t\t\t\t\t\t\t\t\t\t\t<img loading=\"lazy\" decoding=\"async\" width=\"800\" height=\"450\" src=\"https:\/\/itribut.cyon.site\/ft-ag\/wp-content\/uploads\/2024\/01\/swiss_made_1.jpg\" class=\"attachment-large size-large\" alt=\"\" srcset=\"https:\/\/itribut.cyon.site\/ft-ag\/wp-content\/uploads\/2024\/01\/swiss_made_1.jpg 800w, https:\/\/itribut.cyon.site\/ft-ag\/wp-content\/uploads\/2024\/01\/swiss_made_1-300x169.jpg 300w, https:\/\/itribut.cyon.site\/ft-ag\/wp-content\/uploads\/2024\/01\/swiss_made_1-768x432.jpg 768w\" sizes=\"auto, (max-width: 800px) 100vw, 800px\" \/>\t\t\t\t\t\t\t\t\t\t\t\t\t\t\t<\/div>\n\t\t\t\t<\/div>\n\t\t\t\t\t<\/div>\n\t\t<\/div>\n\t\t\t\t\t\t\t<\/div>\n\t\t<\/section>\n\t\t\t\t<section class=\"elementor-section elementor-top-section elementor-element elementor-element-0584645 elementor-section-boxed elementor-section-height-default elementor-section-height-default\" data-id=\"0584645\" data-element_type=\"section\">\n\t\t\t\t\t\t<div class=\"elementor-container elementor-column-gap-default\">\n\t\t\t\t\t<div class=\"elementor-column elementor-col-25 elementor-top-column elementor-element elementor-element-79a9c75\" data-id=\"79a9c75\" data-element_type=\"column\">\n\t\t\t<div class=\"elementor-widget-wrap\">\n\t\t\t\t\t\t\t\t\t<\/div>\n\t\t<\/div>\n\t\t\t\t<div class=\"elementor-column elementor-col-50 elementor-top-column elementor-element elementor-element-27ae30b\" data-id=\"27ae30b\" data-element_type=\"column\">\n\t\t\t<div class=\"elementor-widget-wrap elementor-element-populated\">\n\t\t\t\t\t\t\t\t<div class=\"elementor-element elementor-element-2a52f3f elementor-widget elementor-widget-ftag_section_header\" data-id=\"2a52f3f\" data-element_type=\"widget\" data-widget_type=\"ftag_section_header.default\">\n\t\t\t\t<div class=\"elementor-widget-container\">\n\t\t\t        <div class=\"section-title text-center mb-30\">\r\n            <h2 class=\"title-text mb-15\">Verl\u00e4sslicher Partner<\/h2>\r\n            <p class=\"mb-0\"><p>Wir wollen f\u00fcr unsere Kunden ein verl\u00e4sslicher Partner sein. Deshalb sind wir stolz, dass unsere Anstrengungen mit folgenden Zertifikaten ausgezeichnet wurden.<\/p><\/p>\r\n        <\/div>\r\n        \t\t<\/div>\n\t\t\t\t<\/div>\n\t\t\t\t\t<\/div>\n\t\t<\/div>\n\t\t\t\t<div class=\"elementor-column elementor-col-25 elementor-top-column elementor-element elementor-element-881361a\" data-id=\"881361a\" data-element_type=\"column\">\n\t\t\t<div class=\"elementor-widget-wrap\">\n\t\t\t\t\t\t\t\t\t<\/div>\n\t\t<\/div>\n\t\t\t\t\t\t\t<\/div>\n\t\t<\/section>\n\t\t\t\t<section class=\"elementor-section elementor-top-section elementor-element elementor-element-13ef415 elementor-section-boxed elementor-section-height-default elementor-section-height-default\" data-id=\"13ef415\" data-element_type=\"section\">\n\t\t\t\t\t\t<div class=\"elementor-container elementor-column-gap-default\">\n\t\t\t\t\t<div class=\"elementor-column elementor-col-100 elementor-top-column elementor-element elementor-element-f68030d\" data-id=\"f68030d\" data-element_type=\"column\">\n\t\t\t<div class=\"elementor-widget-wrap elementor-element-populated\">\n\t\t\t\t\t\t\t\t<div class=\"elementor-element elementor-element-4dfd382 elementor-widget elementor-widget-ftag_services\" data-id=\"4dfd382\" data-element_type=\"widget\" data-widget_type=\"ftag_services.default\">\n\t\t\t\t<div class=\"elementor-widget-container\">\n\t\t\t        <div class=\"row\">\r\n        \r\n            <div class=\"col-lg-4 col-md-4 col-sm-6 col-xs-12\" data-aos=\"fade-up\" data-aos-delay=\"300\">\r\n                <div class=\"service-boxed-2\">\r\n                    <div class=\"item-icon\">\r\n                        <img decoding=\"async\" src=\"https:\/\/itribut.cyon.site\/ft-ag\/wp-content\/uploads\/2024\/01\/swiss_made.jpg\" alt=\"QUALIT\u00c4T DIE Z\u00c4HLT\">\r\n                    <\/div>\r\n                    <div class=\"item-content\">\r\n                        <h3 class=\"item-title\">QUALIT\u00c4T DIE Z\u00c4HLT<\/h3>\r\n                                                <p class=\"mb-0\">schweizer Produktion<\/p>\r\n                                            <\/div>\r\n                    <div class=\"btn-wrap\">\r\n                        <a href=\"https:\/\/itribut.cyon.site\/ft-ag\/ftservices\/kuechen\/\" class=\"btn bg-white\">View Details<\/a>\r\n                    <\/div>\r\n                <\/div>\r\n            <\/div>\r\n        \r\n            <div class=\"col-lg-4 col-md-4 col-sm-6 col-xs-12\" data-aos=\"fade-up\" data-aos-delay=\"300\">\r\n                <div class=\"service-boxed-2\">\r\n                    <div class=\"item-icon\">\r\n                        <img decoding=\"async\" src=\"https:\/\/itribut.cyon.site\/ft-ag\/wp-content\/uploads\/2024\/01\/minergie.jpg\" alt=\"MINERGIE MODUL\">\r\n                    <\/div>\r\n                    <div class=\"item-content\">\r\n                        <h3 class=\"item-title\">MINERGIE MODUL<\/h3>\r\n                                                <p class=\"mb-0\">Minergie zertifiziert<\/p>\r\n                                            <\/div>\r\n                    <div class=\"btn-wrap\">\r\n                        <a href=\"https:\/\/itribut.cyon.site\/ft-ag\/ftservices\/schranke\/\" class=\"btn bg-white\">View Details<\/a>\r\n                    <\/div>\r\n                <\/div>\r\n            <\/div>\r\n        \r\n            <div class=\"col-lg-4 col-md-4 col-sm-6 col-xs-12\" data-aos=\"fade-up\" data-aos-delay=\"300\">\r\n                <div class=\"service-boxed-2\">\r\n                    <div class=\"item-icon\">\r\n                        <img decoding=\"async\" src=\"https:\/\/itribut.cyon.site\/ft-ag\/wp-content\/uploads\/2024\/01\/greenline.jpg\" alt=\"NACHHALTIGKEIT\">\r\n                    <\/div>\r\n                    <div class=\"item-content\">\r\n                        <h3 class=\"item-title\">NACHHALTIGKEIT<\/h3>\r\n                                                <p class=\"mb-0\">mit gutem Gewissen<\/p>\r\n                                            <\/div>\r\n                    <div class=\"btn-wrap\">\r\n                        <a href=\"https:\/\/itribut.cyon.site\/ft-ag\/ftservices\/kunststoff-fenster\/\" class=\"btn bg-white\">View Details<\/a>\r\n                    <\/div>\r\n                <\/div>\r\n            <\/div>\r\n        \r\n            <div class=\"col-lg-4 col-md-4 col-sm-6 col-xs-12\" data-aos=\"fade-up\" data-aos-delay=\"300\">\r\n                <div class=\"service-boxed-2\">\r\n                    <div class=\"item-icon\">\r\n                        <img decoding=\"async\" src=\"https:\/\/itribut.cyon.site\/ft-ag\/wp-content\/uploads\/2024\/01\/sicherheitszertifikat.jpg\" alt=\"SICHERHEITSZERTIFIKAT\">\r\n                    <\/div>\r\n                    <div class=\"item-content\">\r\n                        <h3 class=\"item-title\">SICHERHEITSZERTIFIKAT<\/h3>\r\n                                                <p class=\"mb-0\">Widerstandsklassen RC2 und RC3<\/p>\r\n                                            <\/div>\r\n                    <div class=\"btn-wrap\">\r\n                        <a href=\"https:\/\/itribut.cyon.site\/ft-ag\/ftservices\/innenausbau-ohne-grenzen\/\" class=\"btn bg-white\">View Details<\/a>\r\n                    <\/div>\r\n                <\/div>\r\n            <\/div>\r\n        \r\n            <div class=\"col-lg-4 col-md-4 col-sm-6 col-xs-12\" data-aos=\"fade-up\" data-aos-delay=\"300\">\r\n                <div class=\"service-boxed-2\">\r\n                    <div class=\"item-icon\">\r\n                        <img decoding=\"async\" src=\"https:\/\/itribut.cyon.site\/ft-ag\/wp-content\/uploads\/2024\/01\/iso_9001.jpg\" alt=\"SQS Zertifikat ISO 9001\">\r\n                    <\/div>\r\n                    <div class=\"item-content\">\r\n                        <h3 class=\"item-title\">SQS Zertifikat ISO 9001<\/h3>\r\n                                                <p class=\"mb-0\">gesichertes Qualit\u00e4tsmanagement<\/p>\r\n                                            <\/div>\r\n                    <div class=\"btn-wrap\">\r\n                        <a href=\"https:\/\/itribut.cyon.site\/ft-ag\/ftservices\/ihr-service-vor-ort\/\" class=\"btn bg-white\">View Details<\/a>\r\n                    <\/div>\r\n                <\/div>\r\n            <\/div>\r\n        \r\n            <div class=\"col-lg-4 col-md-4 col-sm-6 col-xs-12\" data-aos=\"fade-up\" data-aos-delay=\"300\">\r\n                <div class=\"service-boxed-2\">\r\n                    <div class=\"item-icon\">\r\n                        <img decoding=\"async\" src=\"https:\/\/itribut.cyon.site\/ft-ag\/wp-content\/uploads\/2024\/01\/iqnet.jpg\" alt=\"MANAGEMENTSYSTEM\">\r\n                    <\/div>\r\n                    <div class=\"item-content\">\r\n                        <h3 class=\"item-title\">MANAGEMENTSYSTEM<\/h3>\r\n                                                <p class=\"mb-0\">internationaler Standard<\/p>\r\n                                            <\/div>\r\n                    <div class=\"btn-wrap\">\r\n                        <a href=\"https:\/\/itribut.cyon.site\/ft-ag\/ftservices\/kunststoff-fenster-hausturen\/\" class=\"btn bg-white\">View Details<\/a>\r\n                    <\/div>\r\n                <\/div>\r\n            <\/div>\r\n                <\/div>\r\n        \t\t<\/div>\n\t\t\t\t<\/div>\n\t\t\t\t\t<\/div>\n\t\t<\/div>\n\t\t\t\t\t\t\t<\/div>\n\t\t<\/section>\n\t\t\t\t<section class=\"elementor-section elementor-top-section elementor-element elementor-element-ffdaca1 elementor-section-stretched elementor-section-boxed elementor-section-height-default elementor-section-height-default\" data-id=\"ffdaca1\" data-element_type=\"section\" data-settings=\"{&quot;background_background&quot;:&quot;classic&quot;,&quot;stretch_section&quot;:&quot;section-stretched&quot;}\">\n\t\t\t\t\t\t\t<div class=\"elementor-background-overlay\"><\/div>\n\t\t\t\t\t\t\t<div class=\"elementor-container elementor-column-gap-no\">\n\t\t\t\t\t<div class=\"elementor-column elementor-col-66 elementor-top-column elementor-element elementor-element-0bd9b51\" data-id=\"0bd9b51\" data-element_type=\"column\">\n\t\t\t<div class=\"elementor-widget-wrap elementor-element-populated\">\n\t\t\t\t\t\t\t\t<div class=\"elementor-element elementor-element-bb767a4 elementor-widget elementor-widget-ftag_intro_text\" data-id=\"bb767a4\" data-element_type=\"widget\" data-widget_type=\"ftag_intro_text.default\">\n\t\t\t\t<div class=\"elementor-widget-container\">\n\t\t\t        <div class=\"section-title\">\r\n            <h2 class=\"title-text mb-30\">\r\n                FENSTERBAU<BR>LICHTBLICKE F\u00dcR IHR ZUHAUSE            <\/h2>\r\n            <p class=\"mb-30\">\r\n                <p>\"SWISS MADE\" schweizer Qualit\u00e4t die pr\u00e4gt. FT Fenstertechnik ist seit Jahrzenten Ihr zuverl\u00e4ssiger Partner in der Nordwestschweiz und im Mittelland. Unsere Kunden sind private Bauherren, Architekten, Verwaltungen, \u00f6ffentliche Bauten, Industrie, Gewerbe und der Wiederverkauf. Wir sind sowohl im Neubau als auch in der Sanierung t\u00e4tig.<\/p>            <\/p>\r\n                    <\/div>\r\n        \t\t<\/div>\n\t\t\t\t<\/div>\n\t\t\t\t\t<\/div>\n\t\t<\/div>\n\t\t\t\t<div class=\"elementor-column elementor-col-33 elementor-top-column elementor-element elementor-element-daceb25\" data-id=\"daceb25\" data-element_type=\"column\">\n\t\t\t<div class=\"elementor-widget-wrap elementor-element-populated\">\n\t\t\t\t\t\t\t\t<div class=\"elementor-element elementor-element-a2c3e59 elementor-aspect-ratio-169 elementor-widget elementor-widget-video\" data-id=\"a2c3e59\" data-element_type=\"widget\" data-settings=\"{&quot;video_type&quot;:&quot;vimeo&quot;,&quot;aspect_ratio&quot;:&quot;169&quot;}\" data-widget_type=\"video.default\">\n\t\t\t\t<div class=\"elementor-widget-container\">\n\t\t\t<style>\/*! elementor - v3.6.7 - 03-07-2022 *\/\n.elementor-widget-video .elementor-widget-container{overflow:hidden;-webkit-transform:translateZ(0);transform:translateZ(0)}.elementor-widget-video .elementor-open-inline .elementor-custom-embed-image-overlay{position:absolute;top:0;left:0;width:100%;height:100%;background-size:cover;background-position:50%}.elementor-widget-video .elementor-custom-embed-image-overlay{cursor:pointer;text-align:center}.elementor-widget-video .elementor-custom-embed-image-overlay:hover .elementor-custom-embed-play i{opacity:1}.elementor-widget-video .elementor-custom-embed-image-overlay img{display:block;width:100%}.elementor-widget-video .e-hosted-video .elementor-video{-o-object-fit:cover;object-fit:cover}<\/style>\t\t<div class=\"elementor-wrapper elementor-fit-aspect-ratio elementor-open-inline\">\n\t\t\t<iframe class=\"elementor-video-iframe\" allowfullscreen title=\"vimeo Video Player\" src=\"https:\/\/player.vimeo.com\/video\/162100268?color&amp;autopause=0&amp;loop=0&amp;muted=0&amp;title=1&amp;portrait=1&amp;byline=1#t=\"><\/iframe>\t\t<\/div>\n\t\t\t\t<\/div>\n\t\t\t\t<\/div>\n\t\t\t\t\t<\/div>\n\t\t<\/div>\n\t\t\t\t\t\t\t<\/div>\n\t\t<\/section>\n\t\t\t\t<section class=\"elementor-section elementor-top-section elementor-element elementor-element-a89721f elementor-section-boxed elementor-section-height-default elementor-section-height-default\" data-id=\"a89721f\" data-element_type=\"section\">\n\t\t\t\t\t\t<div class=\"elementor-container elementor-column-gap-default\">\n\t\t\t\t\t<div class=\"elementor-column elementor-col-33 elementor-top-column elementor-element elementor-element-38d08ff\" data-id=\"38d08ff\" data-element_type=\"column\">\n\t\t\t<div class=\"elementor-widget-wrap elementor-element-populated\">\n\t\t\t\t\t\t\t\t<div class=\"elementor-element elementor-element-cb2212c elementor-widget elementor-widget-ftag_intro_text\" data-id=\"cb2212c\" data-element_type=\"widget\" data-widget_type=\"ftag_intro_text.default\">\n\t\t\t\t<div class=\"elementor-widget-container\">\n\t\t\t        <div class=\"section-title\">\r\n            <h2 class=\"title-text mb-30\">\r\n                Vertrauen verbindet            <\/h2>\r\n            <p class=\"mb-30\">\r\n                <p>Mehr Produkt \u2013 mehr Service \u2013 mehr Partnerschaft. Wir praktizieren immer einen fairen Umgang mit unseren Direktkunden, Architekten und Wiederverk\u00e4ufern. Diese Maxime gilt in Hinsicht auf die schnelle und kompetente Beratung und Angebotserstellung, Termintreue bei der Ausf\u00fchrung und Kulanz nach Auftragsabschluss.<\/p>            <\/p>\r\n                    <\/div>\r\n        \t\t<\/div>\n\t\t\t\t<\/div>\n\t\t\t\t\t<\/div>\n\t\t<\/div>\n\t\t\t\t<div class=\"elementor-column elementor-col-66 elementor-top-column elementor-element elementor-element-a56c970\" data-id=\"a56c970\" data-element_type=\"column\">\n\t\t\t<div class=\"elementor-widget-wrap elementor-element-populated\">\n\t\t\t\t\t\t\t\t<div class=\"elementor-element elementor-element-3e2583e elementor-widget elementor-widget-image\" data-id=\"3e2583e\" data-element_type=\"widget\" data-widget_type=\"image.default\">\n\t\t\t\t<div class=\"elementor-widget-container\">\n\t\t\t\t\t\t\t\t\t\t\t\t<figure class=\"wp-caption\">\n\t\t\t\t\t\t\t\t\t\t<img loading=\"lazy\" decoding=\"async\" width=\"1024\" height=\"580\" src=\"https:\/\/itribut.cyon.site\/ft-ag\/wp-content\/uploads\/2024\/01\/rolf_heller_silvan_lisser.jpg\" class=\"attachment-full size-full\" alt=\"\" srcset=\"https:\/\/itribut.cyon.site\/ft-ag\/wp-content\/uploads\/2024\/01\/rolf_heller_silvan_lisser.jpg 1024w, https:\/\/itribut.cyon.site\/ft-ag\/wp-content\/uploads\/2024\/01\/rolf_heller_silvan_lisser-300x170.jpg 300w, https:\/\/itribut.cyon.site\/ft-ag\/wp-content\/uploads\/2024\/01\/rolf_heller_silvan_lisser-768x435.jpg 768w\" sizes=\"auto, (max-width: 1024px) 100vw, 1024px\" \/>\t\t\t\t\t\t\t\t\t\t\t<figcaption class=\"widget-image-caption wp-caption-text\">Gesch\u00e4ftsinhaber Rolf Heller und Silvan Lisser<\/figcaption>\n\t\t\t\t\t\t\t\t\t\t<\/figure>\n\t\t\t\t\t\t\t\t\t<\/div>\n\t\t\t\t<\/div>\n\t\t\t\t\t<\/div>\n\t\t<\/div>\n\t\t\t\t\t\t\t<\/div>\n\t\t<\/section>\n\t\t\t\t<section class=\"elementor-section elementor-top-section elementor-element elementor-element-7418df6 elementor-section-stretched elementor-section-boxed elementor-section-height-default elementor-section-height-default\" data-id=\"7418df6\" data-element_type=\"section\" data-settings=\"{&quot;background_background&quot;:&quot;classic&quot;,&quot;stretch_section&quot;:&quot;section-stretched&quot;}\">\n\t\t\t\t\t\t\t<div class=\"elementor-background-overlay\"><\/div>\n\t\t\t\t\t\t\t<div class=\"elementor-container elementor-column-gap-no\">\n\t\t\t\t\t<div class=\"elementor-column elementor-col-66 elementor-top-column elementor-element elementor-element-5c46ed7\" data-id=\"5c46ed7\" data-element_type=\"column\">\n\t\t\t<div class=\"elementor-widget-wrap elementor-element-populated\">\n\t\t\t\t\t\t\t\t<div class=\"elementor-element elementor-element-7019a97 elementor-widget elementor-widget-ftag_intro_text\" data-id=\"7019a97\" data-element_type=\"widget\" data-widget_type=\"ftag_intro_text.default\">\n\t\t\t\t<div class=\"elementor-widget-container\">\n\t\t\t        <div class=\"section-title\">\r\n            <h2 class=\"title-text mb-30\">\r\n                K\u00dcCHENBAU<BR>PERFEKTION UND DESIGN            <\/h2>\r\n            <p class=\"mb-30\">\r\n                <p>Ihre Kreativit\u00e4t hat bei uns Platz. Sie sollen sich mit unseren Produkten wohlf\u00fchlen und ihre eigenen Ideen einbringen k\u00f6nnen. Wir realisieren Ihre Bed\u00fcrfnisse und bieten Ihnen K\u00fcchenl\u00f6sungen f\u00fcr Neubau und Renovierung.<\/p>            <\/p>\r\n                    <\/div>\r\n        \t\t<\/div>\n\t\t\t\t<\/div>\n\t\t\t\t\t<\/div>\n\t\t<\/div>\n\t\t\t\t<div class=\"elementor-column elementor-col-33 elementor-top-column elementor-element elementor-element-7e73734\" data-id=\"7e73734\" data-element_type=\"column\">\n\t\t\t<div class=\"elementor-widget-wrap elementor-element-populated\">\n\t\t\t\t\t\t\t\t<div class=\"elementor-element elementor-element-4e3e41c elementor-aspect-ratio-169 elementor-widget elementor-widget-video\" data-id=\"4e3e41c\" data-element_type=\"widget\" data-settings=\"{&quot;video_type&quot;:&quot;vimeo&quot;,&quot;aspect_ratio&quot;:&quot;169&quot;}\" data-widget_type=\"video.default\">\n\t\t\t\t<div class=\"elementor-widget-container\">\n\t\t\t\t\t<div class=\"elementor-wrapper elementor-fit-aspect-ratio elementor-open-inline\">\n\t\t\t<iframe class=\"elementor-video-iframe\" allowfullscreen title=\"vimeo Video Player\" src=\"https:\/\/player.vimeo.com\/video\/161781463?color&amp;autopause=0&amp;loop=0&amp;muted=0&amp;title=1&amp;portrait=1&amp;byline=1#t=\"><\/iframe>\t\t<\/div>\n\t\t\t\t<\/div>\n\t\t\t\t<\/div>\n\t\t\t\t\t<\/div>\n\t\t<\/div>\n\t\t\t\t\t\t\t<\/div>\n\t\t<\/section>\n\t\t\t\t\t\t\t<\/div>\n\t\t","protected":false},"excerpt":{"rendered":"<p>FENSTERBAU FENSTERBAU Ihr Partner f\u00fcrFenster und K\u00fcchen Ihr Partner f\u00fcr wirksame Fenster und moderne K\u00fcchen. Bei uns erhalten Sie Beratung, Planung, Eigenherstellung und Montage aus erster Hand. Unsere Fenster und K\u00fcchen sind Swiss Made und werden mit hochmoderner Produktionstechnologie hergestellt. Verl\u00e4sslicher Partner Wir wollen f\u00fcr unsere Kunden ein verl\u00e4sslicher Partner sein. Deshalb sind wir stolz, [&hellip;]<\/p>\n","protected":false},"author":1,"featured_media":0,"parent":0,"menu_order":0,"comment_status":"closed","ping_status":"closed","template":"page-builder.php","meta":{"footnotes":""},"class_list":["post-1374","page","type-page","status-publish","hentry"],"_links":{"self":[{"href":"https:\/\/itribut.cyon.site\/ft-ag\/wp-json\/wp\/v2\/pages\/1374","targetHints":{"allow":["GET"]}}],"collection":[{"href":"https:\/\/itribut.cyon.site\/ft-ag\/wp-json\/wp\/v2\/pages"}],"about":[{"href":"https:\/\/itribut.cyon.site\/ft-ag\/wp-json\/wp\/v2\/types\/page"}],"author":[{"embeddable":true,"href":"https:\/\/itribut.cyon.site\/ft-ag\/wp-json\/wp\/v2\/users\/1"}],"replies":[{"embeddable":true,"href":"https:\/\/itribut.cyon.site\/ft-ag\/wp-json\/wp\/v2\/comments?post=1374"}],"version-history":[{"count":450,"href":"https:\/\/itribut.cyon.site\/ft-ag\/wp-json\/wp\/v2\/pages\/1374\/revisions"}],"predecessor-version":[{"id":5722,"href":"https:\/\/itribut.cyon.site\/ft-ag\/wp-json\/wp\/v2\/pages\/1374\/revisions\/5722"}],"wp:attachment":[{"href":"https:\/\/itribut.cyon.site\/ft-ag\/wp-json\/wp\/v2\/media?parent=1374"}],"curies":[{"name":"wp","href":"https:\/\/api.w.org\/{rel}","templated":true}]}}